{"id":11,"date":"2021-04-12T17:23:47","date_gmt":"2021-04-12T15:23:47","guid":{"rendered":"http:\/\/passharmonie.com\/?page_id=11"},"modified":"2021-04-23T19:36:13","modified_gmt":"2021-04-23T17:36:13","slug":"accueil","status":"publish","type":"page","link":"https:\/\/passharmonie.com\/","title":{"rendered":"Accueil"},"content":{"rendered":"\t\t<div data-elementor-type=\"wp-page\" data-elementor-id=\"11\" class=\"elementor elementor-11\">\n\t\t\t\t\t\t\t\t\t<section class=\"elementor-section elementor-top-section elementor-element elementor-element-66a43a0 elementor-section-boxed elementor-section-height-default elementor-section-height-default\" data-id=\"66a43a0\" data-element_type=\"section\">\n\t\t\t\t\t\t<div class=\"elementor-container elementor-column-gap-default\">\n\t\t\t\t\t<div class=\"elementor-column elementor-col-50 elementor-top-column elementor-element elementor-element-622c6a1\" data-id=\"622c6a1\" data-element_type=\"column\">\n\t\t\t<div class=\"elementor-widget-wrap elementor-element-populated\">\n\t\t\t\t\t\t\t\t<div class=\"elementor-element elementor-element-e6e9d5e elementor-widget elementor-widget-image\" data-id=\"e6e9d5e\" data-element_type=\"widget\" data-widget_type=\"image.default\">\n\t\t\t\t<div class=\"elementor-widget-container\">\n\t\t\t\t\t\t\t\t\t\t\t\t\t\t\t<img decoding=\"async\" src=\"https:\/\/passharmonie.com\/wp-content\/uploads\/2021\/04\/169779414_113131054209699_4871426093468545162_n.jpg\" title=\"169779414_113131054209699_4871426093468545162_n\" alt=\"169779414_113131054209699_4871426093468545162_n\" loading=\"lazy\" \/>\t\t\t\t\t\t\t\t\t\t\t\t\t\t\t<\/div>\n\t\t\t\t<\/div>\n\t\t\t\t\t<\/div>\n\t\t<\/div>\n\t\t\t\t<div class=\"elementor-column elementor-col-50 elementor-top-column elementor-element elementor-element-aaa7374\" data-id=\"aaa7374\" data-element_type=\"column\">\n\t\t\t<div class=\"elementor-widget-wrap elementor-element-populated\">\n\t\t\t\t\t\t\t\t<div class=\"elementor-element elementor-element-6835868 elementor-widget elementor-widget-image\" data-id=\"6835868\" data-element_type=\"widget\" data-widget_type=\"image.default\">\n\t\t\t\t<div class=\"elementor-widget-container\">\n\t\t\t\t\t\t\t\t\t\t\t\t\t\t\t<img decoding=\"async\" src=\"https:\/\/passharmonie.com\/wp-content\/uploads\/2021\/04\/SOPHRO.png\" title=\"SOPHRO\" alt=\"SOPHRO\" loading=\"lazy\" \/>\t\t\t\t\t\t\t\t\t\t\t\t\t\t\t<\/div>\n\t\t\t\t<\/div>\n\t\t\t\t\t<\/div>\n\t\t<\/div>\n\t\t\t\t\t\t\t<\/div>\n\t\t<\/section>\n\t\t\t\t<section class=\"elementor-section elementor-top-section elementor-element elementor-element-85e75de elementor-section-boxed elementor-section-height-default elementor-section-height-default\" data-id=\"85e75de\" data-element_type=\"section\">\n\t\t\t\t\t\t<div class=\"elementor-container elementor-column-gap-default\">\n\t\t\t\t\t<div class=\"elementor-column elementor-col-33 elementor-top-column elementor-element elementor-element-2b5e950\" data-id=\"2b5e950\" data-element_type=\"column\">\n\t\t\t<div class=\"elementor-widget-wrap elementor-element-populated\">\n\t\t\t\t\t\t\t\t<div class=\"elementor-element elementor-element-a1ac0d2 elementor-view-default elementor-widget elementor-widget-icon\" data-id=\"a1ac0d2\" data-element_type=\"widget\" data-widget_type=\"icon.default\">\n\t\t\t\t<div class=\"elementor-widget-container\">\n\t\t\t\t\t<div class=\"elementor-icon-wrapper\">\n\t\t\t<a class=\"elementor-icon\" href=\"https:\/\/www.facebook.com\/passharmonie\" target=\"_blank\">\n\t\t\t<i aria-hidden=\"true\" class=\"fab fa-facebook-square\"><\/i>\t\t\t<\/a>\n\t\t<\/div>\n\t\t\t\t<\/div>\n\t\t\t\t<\/div>\n\t\t\t\t\t<\/div>\n\t\t<\/div>\n\t\t\t\t<div class=\"elementor-column elementor-col-33 elementor-top-column elementor-element elementor-element-967553d\" data-id=\"967553d\" data-element_type=\"column\">\n\t\t\t<div class=\"elementor-widget-wrap elementor-element-populated\">\n\t\t\t\t\t\t\t\t<div class=\"elementor-element elementor-element-3bba4f0 elementor-view-default elementor-widget elementor-widget-icon\" data-id=\"3bba4f0\" data-element_type=\"widget\" data-widget_type=\"icon.default\">\n\t\t\t\t<div class=\"elementor-widget-container\">\n\t\t\t\t\t<div class=\"elementor-icon-wrapper\">\n\t\t\t<a class=\"elementor-icon\" href=\"https:\/\/www.linkedin.com\/feed\/\" target=\"_blank\">\n\t\t\t<i aria-hidden=\"true\" class=\"fab fa-linkedin\"><\/i>\t\t\t<\/a>\n\t\t<\/div>\n\t\t\t\t<\/div>\n\t\t\t\t<\/div>\n\t\t\t\t\t<\/div>\n\t\t<\/div>\n\t\t\t\t<div class=\"elementor-column elementor-col-33 elementor-top-column elementor-element elementor-element-7092641\" data-id=\"7092641\" data-element_type=\"column\">\n\t\t\t<div class=\"elementor-widget-wrap elementor-element-populated\">\n\t\t\t\t\t\t\t\t<div class=\"elementor-element elementor-element-3f7f912 elementor-widget elementor-widget-image\" data-id=\"3f7f912\" data-element_type=\"widget\" data-widget_type=\"image.default\">\n\t\t\t\t<div class=\"elementor-widget-container\">\n\t\t\t\t\t\t\t\t\t\t\t\t\t\t\t<img decoding=\"async\" loading=\"lazy\" width=\"564\" height=\"554\" src=\"https:\/\/passharmonie.com\/wp-content\/uploads\/2021\/04\/7145d286-62ab-4215-9228-b451684cfbab.jpg\" class=\"attachment-full size-full wp-image-563\" alt=\"\" srcset=\"https:\/\/passharmonie.com\/wp-content\/uploads\/2021\/04\/7145d286-62ab-4215-9228-b451684cfbab.jpg 564w, https:\/\/passharmonie.com\/wp-content\/uploads\/2021\/04\/7145d286-62ab-4215-9228-b451684cfbab-300x295.jpg 300w, https:\/\/passharmonie.com\/wp-content\/uploads\/2021\/04\/7145d286-62ab-4215-9228-b451684cfbab-61x60.jpg 61w\" sizes=\"(max-width: 564px) 100vw, 564px\" \/>\t\t\t\t\t\t\t\t\t\t\t\t\t\t\t<\/div>\n\t\t\t\t<\/div>\n\t\t\t\t\t<\/div>\n\t\t<\/div>\n\t\t\t\t\t\t\t<\/div>\n\t\t<\/section>\n\t\t\t\t<section class=\"elementor-section elementor-top-section elementor-element elementor-element-787e288 elementor-section-boxed elementor-section-height-default elementor-section-height-default\" data-id=\"787e288\" data-element_type=\"section\">\n\t\t\t\t\t\t<div class=\"elementor-container elementor-column-gap-default\">\n\t\t\t\t\t<div class=\"elementor-column elementor-col-100 elementor-top-column elementor-element elementor-element-c11113b\" data-id=\"c11113b\" data-element_type=\"column\">\n\t\t\t<div class=\"elementor-widget-wrap elementor-element-populated\">\n\t\t\t\t\t\t\t\t<div class=\"elementor-element elementor-element-594f3f3 elementor-widget elementor-widget-spacer\" data-id=\"594f3f3\" data-element_type=\"widget\" data-widget_type=\"spacer.default\">\n\t\t\t\t<div class=\"elementor-widget-container\">\n\t\t\t\t\t<div class=\"elementor-spacer\">\n\t\t\t<div class=\"elementor-spacer-inner\"><\/div>\n\t\t<\/div>\n\t\t\t\t<\/div>\n\t\t\t\t<\/div>\n\t\t\t\t\t<\/div>\n\t\t<\/div>\n\t\t\t\t\t\t\t<\/div>\n\t\t<\/section>\n\t\t\t\t<section class=\"elementor-section elementor-top-section elementor-element elementor-element-b0e486b elementor-section-boxed elementor-section-height-default elementor-section-height-default\" data-id=\"b0e486b\" data-element_type=\"section\">\n\t\t\t\t\t\t<div class=\"elementor-container elementor-column-gap-default\">\n\t\t\t\t\t<div class=\"elementor-column elementor-col-100 elementor-top-column elementor-element elementor-element-6e6ca03\" data-id=\"6e6ca03\" data-element_type=\"column\">\n\t\t\t<div class=\"elementor-widget-wrap elementor-element-populated\">\n\t\t\t\t\t\t\t\t<div class=\"elementor-element elementor-element-694ee42 elementor-widget elementor-widget-heading\" data-id=\"694ee42\" data-element_type=\"widget\" data-widget_type=\"heading.default\">\n\t\t\t\t<div class=\"elementor-widget-container\">\n\t\t\t<h2 class=\"elementor-heading-title elementor-size-default\">T\u00c9MOIGNAGES<\/h2>\t\t<\/div>\n\t\t\t\t<\/div>\n\t\t\t\t\t<\/div>\n\t\t<\/div>\n\t\t\t\t\t\t\t<\/div>\n\t\t<\/section>\n\t\t\t\t<section class=\"elementor-section elementor-top-section elementor-element elementor-element-2c776f7 elementor-section-boxed elementor-section-height-default elementor-section-height-default\" data-id=\"2c776f7\" data-element_type=\"section\">\n\t\t\t\t\t\t<div class=\"elementor-container elementor-column-gap-default\">\n\t\t\t\t\t<div class=\"elementor-column elementor-col-100 elementor-top-column elementor-element elementor-element-85a2f17\" data-id=\"85a2f17\" data-element_type=\"column\">\n\t\t\t<div class=\"elementor-widget-wrap elementor-element-populated\">\n\t\t\t\t\t\t\t\t<div class=\"elementor-element elementor-element-872b867 elementor-widget elementor-widget-text-editor\" data-id=\"872b867\" data-element_type=\"widget\" data-widget_type=\"text-editor.default\">\n\t\t\t\t<div class=\"elementor-widget-container\">\n\t\t\t\t\t\t\t<blockquote><h5><span style=\"font-weight: 400;\"><i>\u00ab\u00a0 Un moment de partage intense, des cl\u00e9s qui permettent de mieux se comprendre, se connaitre et ainsi acc\u00e9der au bien-\u00eatre int\u00e9rieur ! Des ateliers incontournables pour avancer sur le chemin du bonheur&#8230;<br \/>Merci Pass Harmonie.\u00a0<\/i><\/span><i style=\"font-weight: 400;\">\u00bb<\/i><\/h5><h5><span style=\"font-weight: 400;\"><i>S.L. &#8211; Villeparisis<\/i><\/span><\/h5><\/blockquote>\t\t\t\t\t\t<\/div>\n\t\t\t\t<\/div>\n\t\t\t\t\t<\/div>\n\t\t<\/div>\n\t\t\t\t\t\t\t<\/div>\n\t\t<\/section>\n\t\t\t\t<section class=\"elementor-section elementor-top-section elementor-element elementor-element-9c92345 elementor-section-boxed elementor-section-height-default elementor-section-height-default\" data-id=\"9c92345\" data-element_type=\"section\">\n\t\t\t\t\t\t<div class=\"elementor-container elementor-column-gap-default\">\n\t\t\t\t\t<div class=\"elementor-column elementor-col-100 elementor-top-column elementor-element elementor-element-638deea\" data-id=\"638deea\" data-element_type=\"column\">\n\t\t\t<div class=\"elementor-widget-wrap elementor-element-populated\">\n\t\t\t\t\t\t\t\t<div class=\"elementor-element elementor-element-213aa02 elementor-widget elementor-widget-spacer\" data-id=\"213aa02\" data-element_type=\"widget\" data-widget_type=\"spacer.default\">\n\t\t\t\t<div class=\"elementor-widget-container\">\n\t\t\t\t\t<div class=\"elementor-spacer\">\n\t\t\t<div class=\"elementor-spacer-inner\"><\/div>\n\t\t<\/div>\n\t\t\t\t<\/div>\n\t\t\t\t<\/div>\n\t\t\t\t\t<\/div>\n\t\t<\/div>\n\t\t\t\t\t\t\t<\/div>\n\t\t<\/section>\n\t\t\t\t<section class=\"elementor-section elementor-top-section elementor-element elementor-element-267199c elementor-section-boxed elementor-section-height-default elementor-section-height-default\" data-id=\"267199c\" data-element_type=\"section\">\n\t\t\t\t\t\t<div class=\"elementor-container elementor-column-gap-default\">\n\t\t\t\t\t<div class=\"elementor-column elementor-col-100 elementor-top-column elementor-element elementor-element-03b155d\" data-id=\"03b155d\" data-element_type=\"column\">\n\t\t\t<div class=\"elementor-widget-wrap elementor-element-populated\">\n\t\t\t\t\t\t\t\t<div class=\"elementor-element elementor-element-0bc7f6d elementor-widget elementor-widget-text-editor\" data-id=\"0bc7f6d\" data-element_type=\"widget\" data-widget_type=\"text-editor.default\">\n\t\t\t\t<div class=\"elementor-widget-container\">\n\t\t\t\t\t\t\t<blockquote><h5><span style=\"font-weight: 400;\"><i>\u00ab Katell m\u2019a permis, gr\u00e2ce \u00e0 la sophrologie, de me reconstruire apr\u00e8s un \u00e9v\u00e9nement difficile et elle m\u2019a aid\u00e9 \u00e0 accomplir des choses que je n\u2019aurais jamais pu envisager auparavant.<\/i><\/span><i style=\"font-weight: 400;\">\u00a0\u00bb<\/i><\/h5><h5><i style=\"font-weight: 400;\"><\/i><span style=\"font-weight: 400;\"><i>C.F. &#8211; Guarbecque<\/i><\/span><\/h5><\/blockquote>\t\t\t\t\t\t<\/div>\n\t\t\t\t<\/div>\n\t\t\t\t\t<\/div>\n\t\t<\/div>\n\t\t\t\t\t\t\t<\/div>\n\t\t<\/section>\n\t\t\t\t<section class=\"elementor-section elementor-top-section elementor-element elementor-element-b757730 elementor-section-boxed elementor-section-height-default elementor-section-height-default\" data-id=\"b757730\" data-element_type=\"section\">\n\t\t\t\t\t\t<div class=\"elementor-container elementor-column-gap-default\">\n\t\t\t\t\t<div class=\"elementor-column elementor-col-100 elementor-top-column elementor-element elementor-element-7fc9a15\" data-id=\"7fc9a15\" data-element_type=\"column\">\n\t\t\t<div class=\"elementor-widget-wrap elementor-element-populated\">\n\t\t\t\t\t\t\t\t<div class=\"elementor-element elementor-element-43e674c elementor-widget elementor-widget-spacer\" data-id=\"43e674c\" data-element_type=\"widget\" data-widget_type=\"spacer.default\">\n\t\t\t\t<div class=\"elementor-widget-container\">\n\t\t\t\t\t<div class=\"elementor-spacer\">\n\t\t\t<div class=\"elementor-spacer-inner\"><\/div>\n\t\t<\/div>\n\t\t\t\t<\/div>\n\t\t\t\t<\/div>\n\t\t\t\t\t<\/div>\n\t\t<\/div>\n\t\t\t\t\t\t\t<\/div>\n\t\t<\/section>\n\t\t\t\t<section class=\"elementor-section elementor-top-section elementor-element elementor-element-e9093b2 elementor-section-boxed elementor-section-height-default elementor-section-height-default\" data-id=\"e9093b2\" data-element_type=\"section\">\n\t\t\t\t\t\t<div class=\"elementor-container elementor-column-gap-default\">\n\t\t\t\t\t<div class=\"elementor-column elementor-col-100 elementor-top-column elementor-element elementor-element-fdaa2b6\" data-id=\"fdaa2b6\" data-element_type=\"column\">\n\t\t\t<div class=\"elementor-widget-wrap elementor-element-populated\">\n\t\t\t\t\t\t\t\t<div class=\"elementor-element elementor-element-b084278 elementor-widget elementor-widget-text-editor\" data-id=\"b084278\" data-element_type=\"widget\" data-widget_type=\"text-editor.default\">\n\t\t\t\t<div class=\"elementor-widget-container\">\n\t\t\t\t\t\t\t<blockquote><h5><span style=\"font-weight: 400;\"><i>\u00ab\u00a0 Merci Pass Harmonie pour ces ateliers d\u2019\u00e9changes tr\u00e8s forts, un accompagnement bienveillant qui m\u2019a recentr\u00e9 sur l\u2019essentiel, tant sur le plan professionnel que priv\u00e9. J\u2019ai prolong\u00e9 avec des s\u00e9ances personnelles qui m\u2019ont permis de remettre en perspective ce que je veux faire de ma vie. Et je conseille la sophrologie pour apprendre \u00e0 se d\u00e9tendre et \u00e0 moins stresser.<\/i><\/span><i style=\"font-weight: 400;\">\u00a0\u00bb<\/i><\/h5><h5><span style=\"font-weight: 400;\"><i>L.T. &#8211; Neuilly Plaisance<\/i><\/span><\/h5><\/blockquote>\t\t\t\t\t\t<\/div>\n\t\t\t\t<\/div>\n\t\t\t\t\t<\/div>\n\t\t<\/div>\n\t\t\t\t\t\t\t<\/div>\n\t\t<\/section>\n\t\t\t\t\t\t\t<\/div>\n\t\t","protected":false},"excerpt":{"rendered":"<p>T\u00c9MOIGNAGES \u00ab\u00a0 Un moment de partage intense, des cl\u00e9s qui permettent de mieux se comprendre, se connaitre et ainsi acc\u00e9der au bien-\u00eatre int\u00e9rieur ! Des ateliers incontournables pour avancer sur &hellip; <\/p>\n","protected":false},"author":1,"featured_media":0,"parent":0,"menu_order":0,"comment_status":"closed","ping_status":"closed","template":"","meta":{"footnotes":""},"_links":{"self":[{"href":"https:\/\/passharmonie.com\/index.php\/wp-json\/wp\/v2\/pages\/11"}],"collection":[{"href":"https:\/\/passharmonie.com\/index.php\/wp-json\/wp\/v2\/pages"}],"about":[{"href":"https:\/\/passharmonie.com\/index.php\/wp-json\/wp\/v2\/types\/page"}],"author":[{"embeddable":true,"href":"https:\/\/passharmonie.com\/index.php\/wp-json\/wp\/v2\/users\/1"}],"replies":[{"embeddable":true,"href":"https:\/\/passharmonie.com\/index.php\/wp-json\/wp\/v2\/comments?post=11"}],"version-history":[{"count":67,"href":"https:\/\/passharmonie.com\/index.php\/wp-json\/wp\/v2\/pages\/11\/revisions"}],"predecessor-version":[{"id":669,"href":"https:\/\/passharmonie.com\/index.php\/wp-json\/wp\/v2\/pages\/11\/revisions\/669"}],"wp:attachment":[{"href":"https:\/\/passharmonie.com\/index.php\/wp-json\/wp\/v2\/media?parent=11"}],"curies":[{"name":"wp","href":"https:\/\/api.w.org\/{rel}","templated":true}]}}