{"id":438,"date":"2021-04-16T11:12:24","date_gmt":"2021-04-16T09:12:24","guid":{"rendered":"http:\/\/passharmonie.com\/?page_id=438"},"modified":"2021-05-06T14:28:01","modified_gmt":"2021-05-06T12:28:01","slug":"temoignages","status":"publish","type":"page","link":"https:\/\/passharmonie.com\/index.php\/temoignages\/","title":{"rendered":"T\u00c9MOIGNAGES"},"content":{"rendered":"\t\t<div data-elementor-type=\"wp-page\" data-elementor-id=\"438\" class=\"elementor elementor-438\">\n\t\t\t\t\t\t\t\t\t<section class=\"elementor-section elementor-top-section elementor-element elementor-element-169f30c elementor-section-boxed elementor-section-height-default elementor-section-height-default\" data-id=\"169f30c\" data-element_type=\"section\">\n\t\t\t\t\t\t<div class=\"elementor-container elementor-column-gap-default\">\n\t\t\t\t\t<div class=\"elementor-column elementor-col-50 elementor-top-column elementor-element elementor-element-5731686\" data-id=\"5731686\" data-element_type=\"column\">\n\t\t\t<div class=\"elementor-widget-wrap elementor-element-populated\">\n\t\t\t\t\t\t\t\t<div class=\"elementor-element elementor-element-0c20899 elementor-widget elementor-widget-text-editor\" data-id=\"0c20899\" data-element_type=\"widget\" data-widget_type=\"text-editor.default\">\n\t\t\t\t<div class=\"elementor-widget-container\">\n\t\t\t\t\t\t\t<blockquote><h5><span style=\"font-weight: 400;\"><i>\u00ab\u00a0 Un moment de partage intense, des cl\u00e9s qui permettent de mieux se comprendre, se connaitre et ainsi acc\u00e9der au bien-\u00eatre int\u00e9rieur ! Des ateliers incontournables pour avancer sur le chemin du bonheur&#8230;<br \/>Merci Pass Harmonie.\u00a0<\/i><\/span><i style=\"font-weight: 400;\">\u00bb<\/i><\/h5><h5><span style=\"font-weight: 400;\"><i>S.L. &#8211; Villeparisis<\/i><\/span><\/h5><\/blockquote>\t\t\t\t\t\t<\/div>\n\t\t\t\t<\/div>\n\t\t\t\t\t<\/div>\n\t\t<\/div>\n\t\t\t\t<div class=\"elementor-column elementor-col-50 elementor-top-column elementor-element elementor-element-7934557\" data-id=\"7934557\" data-element_type=\"column\">\n\t\t\t<div class=\"elementor-widget-wrap elementor-element-populated\">\n\t\t\t\t\t\t\t\t<div class=\"elementor-element elementor-element-0dd230b elementor-widget elementor-widget-text-editor\" data-id=\"0dd230b\" data-element_type=\"widget\" data-widget_type=\"text-editor.default\">\n\t\t\t\t<div class=\"elementor-widget-container\">\n\t\t\t\t\t\t\t<blockquote><h5><span style=\"font-weight: 400;\"><i>\u00ab Katell m\u2019a permis, gr\u00e2ce \u00e0 la sophrologie, de me reconstruire apr\u00e8s un \u00e9v\u00e9nement difficile et elle m\u2019a aid\u00e9 \u00e0 accomplir des choses que je n\u2019aurais jamais pu envisager auparavant.<\/i><\/span><i style=\"font-weight: 400;\">\u00a0\u00bb<\/i><\/h5><h5><i style=\"font-weight: 400;\"><\/i><span style=\"font-weight: 400;\"><i>C.F. &#8211; Guarbecque<\/i><\/span><\/h5><\/blockquote>\t\t\t\t\t\t<\/div>\n\t\t\t\t<\/div>\n\t\t\t\t\t<\/div>\n\t\t<\/div>\n\t\t\t\t\t\t\t<\/div>\n\t\t<\/section>\n\t\t\t\t<section class=\"elementor-section elementor-top-section elementor-element elementor-element-a15bafa elementor-section-boxed elementor-section-height-default elementor-section-height-default\" data-id=\"a15bafa\" data-element_type=\"section\">\n\t\t\t\t\t\t<div class=\"elementor-container elementor-column-gap-default\">\n\t\t\t\t\t<div class=\"elementor-column elementor-col-50 elementor-top-column elementor-element elementor-element-f205c7f\" data-id=\"f205c7f\" data-element_type=\"column\">\n\t\t\t<div class=\"elementor-widget-wrap elementor-element-populated\">\n\t\t\t\t\t\t\t\t<div class=\"elementor-element elementor-element-9bb75d9 elementor-widget elementor-widget-text-editor\" data-id=\"9bb75d9\" data-element_type=\"widget\" data-widget_type=\"text-editor.default\">\n\t\t\t\t<div class=\"elementor-widget-container\">\n\t\t\t\t\t\t\t<blockquote><h5><span style=\"font-weight: 400;\"><i>\u00ab\u00a0 Merci Pass Harmonie pour ces ateliers d\u2019\u00e9changes tr\u00e8s forts, un accompagnement bienveillant qui m\u2019a recentr\u00e9 sur l\u2019essentiel, tant sur le plan professionnel que priv\u00e9. J\u2019ai prolong\u00e9 avec des s\u00e9ances personnelles qui m\u2019ont permis de remettre en perspective ce que je veux faire de ma vie. Et je conseille la sophrologie pour apprendre \u00e0 se d\u00e9tendre et \u00e0 moins stresser.<\/i><\/span><i style=\"font-weight: 400;\">\u00a0\u00bb<\/i><\/h5><h5><span style=\"font-weight: 400;\"><i>L.T. &#8211; Neuilly Plaisance<\/i><\/span><\/h5><\/blockquote>\t\t\t\t\t\t<\/div>\n\t\t\t\t<\/div>\n\t\t\t\t\t<\/div>\n\t\t<\/div>\n\t\t\t\t<div class=\"elementor-column elementor-col-50 elementor-top-column elementor-element elementor-element-8d01b8e\" data-id=\"8d01b8e\" data-element_type=\"column\">\n\t\t\t<div class=\"elementor-widget-wrap elementor-element-populated\">\n\t\t\t\t\t\t\t\t<div class=\"elementor-element elementor-element-b06fb2c elementor-widget elementor-widget-text-editor\" data-id=\"b06fb2c\" data-element_type=\"widget\" data-widget_type=\"text-editor.default\">\n\t\t\t\t<div class=\"elementor-widget-container\">\n\t\t\t\t\t\t\t<blockquote><h5><span style=\"font-weight: 400;\"><i>\u00ab J\u2019ai eu l\u2019occasion de participer \u00e0 plusieurs ateliers avec Katell. Des moments doux, agr\u00e9ables qui font du bien. Cela m\u2019a permis d\u2019ext\u00e9rioriser des choses n\u00e9gatives dont moi m\u00eame j\u2019ignorais l\u2019impact sur ma personne, quelle d\u00e9livrance ce jour-l\u00e0&#8230; Je me suis sentie tellement bien et plus l\u00e9g\u00e8re \ud83d\ude00<br \/>Je vous recommande d\u2019essayer, vous ne pourrez que l\u2019adopter \ud83d\ude09\u00a0<\/i><\/span><i style=\"font-weight: 400;\">\u00bb<\/i><\/h5><h5><span style=\"font-weight: 400;\"><i>N.H. &#8211; Aulnay-sous-Bois<\/i><\/span><\/h5><\/blockquote>\t\t\t\t\t\t<\/div>\n\t\t\t\t<\/div>\n\t\t\t\t\t<\/div>\n\t\t<\/div>\n\t\t\t\t\t\t\t<\/div>\n\t\t<\/section>\n\t\t\t\t<section class=\"elementor-section elementor-top-section elementor-element elementor-element-5f9eef3 elementor-section-boxed elementor-section-height-default elementor-section-height-default\" data-id=\"5f9eef3\" data-element_type=\"section\">\n\t\t\t\t\t\t<div class=\"elementor-container elementor-column-gap-default\">\n\t\t\t\t\t<div class=\"elementor-column elementor-col-50 elementor-top-column elementor-element elementor-element-97d6333\" data-id=\"97d6333\" data-element_type=\"column\">\n\t\t\t<div class=\"elementor-widget-wrap elementor-element-populated\">\n\t\t\t\t\t\t\t\t<div class=\"elementor-element elementor-element-e602d22 elementor-widget elementor-widget-text-editor\" data-id=\"e602d22\" data-element_type=\"widget\" data-widget_type=\"text-editor.default\">\n\t\t\t\t<div class=\"elementor-widget-container\">\n\t\t\t\t\t\t\t<blockquote><h5><span style=\"font-weight: 400;\"><i>\u00ab\u00a0Il y a tellement \u00e0 dire sur la psychologie positive que finalement une journ\u00e9e ne serait pas de trop pour pouvoir approfondir le sujet. Je te remercie pour avoir propos\u00e9 cette rencontre sur ce th\u00e8me qui me para\u00eet en ce moment particuli\u00e8rement tr\u00e8s opportun. En effet, la joie, l\u2019optimisme et le calme sont communicatifs et cela a un effet direct, positif et apaisant sur l\u2019\u00e9quipe. La positivit\u00e9 ne peut \u00eatre que b\u00e9n\u00e9fique, pour soi-m\u00eame et pour les autres.<\/i><\/span><i style=\"font-weight: 400;\">\u00a0\u00bb<\/i><\/h5><\/blockquote>\t\t\t\t\t\t<\/div>\n\t\t\t\t<\/div>\n\t\t\t\t\t<\/div>\n\t\t<\/div>\n\t\t\t\t<div class=\"elementor-column elementor-col-50 elementor-top-column elementor-element elementor-element-6f35b4e\" data-id=\"6f35b4e\" data-element_type=\"column\">\n\t\t\t<div class=\"elementor-widget-wrap elementor-element-populated\">\n\t\t\t\t\t\t\t\t<div class=\"elementor-element elementor-element-b5a54af elementor-widget elementor-widget-text-editor\" data-id=\"b5a54af\" data-element_type=\"widget\" data-widget_type=\"text-editor.default\">\n\t\t\t\t<div class=\"elementor-widget-container\">\n\t\t\t\t\t\t\t<blockquote>\n<h5><span style=\"font-weight: 400;\"><i>\u00ab On peut se demander \u00e0 quoi sert la sophrologie ? Encore une nouvelle vague \u00e0 la mode ?! <br>L&#8217;accompagnement de Katell a \u00e9t\u00e9 essentiel dans un moment o\u00f9 ma vie a bascul\u00e9 et o\u00f9 je n&#8217;arrivais plus \u00e0 g\u00e9rer mes \u00e9motions.<br>Les s\u00e9ances et exercices m&#8217;ont permis de canaliser mon stress, sortir de mon \u00e9tat traumatique, \u00e0 accepter ma situation en visualisant un nouveau chemin.<br>Aujourd&#8217;hui je sais reconna\u00eetre mes \u00e9motions, j&#8217;ai acquis une m\u00e9thode pour les g\u00e9rer, je suis plus sereine face aux situations impr\u00e9vues.<br>Alors merci pour cet \u00e9veil \u00e0 la pleine conscience.<\/i><\/span><i style=\"font-weight: 400;\">&nbsp;\u00bb<\/i><\/h5><div><i style=\"font-weight: 400;\">S.H- Saint Prix<\/i><\/div>\n<\/blockquote>\t\t\t\t\t\t<\/div>\n\t\t\t\t<\/div>\n\t\t\t\t\t<\/div>\n\t\t<\/div>\n\t\t\t\t\t\t\t<\/div>\n\t\t<\/section>\n\t\t\t\t<section class=\"elementor-section elementor-top-section elementor-element elementor-element-3b60f48 elementor-section-boxed elementor-section-height-default elementor-section-height-default\" data-id=\"3b60f48\" data-element_type=\"section\">\n\t\t\t\t\t\t<div class=\"elementor-container elementor-column-gap-default\">\n\t\t\t\t\t<div class=\"elementor-column elementor-col-50 elementor-top-column elementor-element elementor-element-a4ac198\" data-id=\"a4ac198\" data-element_type=\"column\">\n\t\t\t<div class=\"elementor-widget-wrap elementor-element-populated\">\n\t\t\t\t\t\t\t\t<div class=\"elementor-element elementor-element-652e012 elementor-widget elementor-widget-text-editor\" data-id=\"652e012\" data-element_type=\"widget\" data-widget_type=\"text-editor.default\">\n\t\t\t\t<div class=\"elementor-widget-container\">\n\t\t\t\t\t\t\t<blockquote><h5><span style=\"font-weight: 400;\"><i>\u00ab Pr\u00e9sentation claire et succincte, sujet\u00a0<\/i><\/span><span style=\"font-weight: 400;\"><i>ma\u00eetris\u00e9\u00a0<\/i><\/span><span style=\"font-weight: 400;\"><i>par la formatrice, bonne r\u00e9activit\u00e9 des participants, outils et cl\u00e9s sugg\u00e9r\u00e9s faciles \u00e0 red\u00e9ployer dans notre profession, atelier enrichissant tant sur le plan professionnel que personnel. \u00c0 r\u00e9it\u00e9rer ! Un grand MERCI et bravo pour cette belle initiative positive !<\/i><\/span><i style=\"font-weight: 400;\">\u00a0\u00bb<\/i><\/h5><\/blockquote>\t\t\t\t\t\t<\/div>\n\t\t\t\t<\/div>\n\t\t\t\t\t<\/div>\n\t\t<\/div>\n\t\t\t\t<div class=\"elementor-column elementor-col-50 elementor-top-column elementor-element elementor-element-3b930f2\" data-id=\"3b930f2\" data-element_type=\"column\">\n\t\t\t<div class=\"elementor-widget-wrap elementor-element-populated\">\n\t\t\t\t\t\t\t\t<div class=\"elementor-element elementor-element-7e9399a elementor-widget elementor-widget-text-editor\" data-id=\"7e9399a\" data-element_type=\"widget\" data-widget_type=\"text-editor.default\">\n\t\t\t\t<div class=\"elementor-widget-container\">\n\t\t\t\t\t\t\t<blockquote><h5><span style=\"font-weight: 400;\"><i>\u00ab Un grand merci \u00e0 Katell pour cette belle initiative et cette ma\u00eetrise dans l\u2019organisation de la vid\u00e9oconf\u00e9rence&#8230; tellement de choses \u00e0 dire et \u00e0 \u00e9couter.\u00a0\u00c0 refaire, merci !<\/i><\/span><i style=\"font-weight: 400;\">\u00a0\u00bb<\/i><\/h5><\/blockquote>\t\t\t\t\t\t<\/div>\n\t\t\t\t<\/div>\n\t\t\t\t\t<\/div>\n\t\t<\/div>\n\t\t\t\t\t\t\t<\/div>\n\t\t<\/section>\n\t\t\t\t<section class=\"elementor-section elementor-top-section elementor-element elementor-element-0843e56 elementor-section-boxed elementor-section-height-default elementor-section-height-default\" data-id=\"0843e56\" data-element_type=\"section\">\n\t\t\t\t\t\t<div class=\"elementor-container elementor-column-gap-default\">\n\t\t\t\t\t<div class=\"elementor-column elementor-col-50 elementor-top-column elementor-element elementor-element-e639e35\" data-id=\"e639e35\" data-element_type=\"column\">\n\t\t\t<div class=\"elementor-widget-wrap elementor-element-populated\">\n\t\t\t\t\t\t\t\t<div class=\"elementor-element elementor-element-b9dc5a6 elementor-widget elementor-widget-text-editor\" data-id=\"b9dc5a6\" data-element_type=\"widget\" data-widget_type=\"text-editor.default\">\n\t\t\t\t<div class=\"elementor-widget-container\">\n\t\t\t\t\t\t\t<blockquote><h5><span style=\"font-weight: 400;\"><i>\u00ab J\u2019ai beaucoup aim\u00e9 le format de cette visioconf\u00e9rence, le th\u00e8me d\u00e9velopp\u00e9 \u00e9tait tr\u00e8s int\u00e9ressant et Katell a rendu cet \u00e9change enrichissant et dynamique avec de nombreux exemples et su donner des pistes de r\u00e9flexions.<\/i><\/span><i style=\"font-weight: 400;\">\u00a0\u00bb<\/i><\/h5><\/blockquote>\t\t\t\t\t\t<\/div>\n\t\t\t\t<\/div>\n\t\t\t\t\t<\/div>\n\t\t<\/div>\n\t\t\t\t<div class=\"elementor-column elementor-col-50 elementor-top-column elementor-element elementor-element-a1fd671\" data-id=\"a1fd671\" data-element_type=\"column\">\n\t\t\t<div class=\"elementor-widget-wrap elementor-element-populated\">\n\t\t\t\t\t\t\t\t<div class=\"elementor-element elementor-element-1d9c0e9 elementor-widget elementor-widget-text-editor\" data-id=\"1d9c0e9\" data-element_type=\"widget\" data-widget_type=\"text-editor.default\">\n\t\t\t\t<div class=\"elementor-widget-container\">\n\t\t\t\t\t\t\t<blockquote><h5><span style=\"font-weight: 400;\"><i>\u00ab Belle animation dirig\u00e9e par Katell. Belle \u00e9quipe positive. Ce partage fait du bien et donne des outils pour un management positif ! Merci.<\/i><\/span><i style=\"font-weight: 400;\">\u00a0\u00bb<\/i><\/h5><\/blockquote>\t\t\t\t\t\t<\/div>\n\t\t\t\t<\/div>\n\t\t\t\t\t<\/div>\n\t\t<\/div>\n\t\t\t\t\t\t\t<\/div>\n\t\t<\/section>\n\t\t\t\t<section class=\"elementor-section elementor-top-section elementor-element elementor-element-5be2f57 elementor-section-boxed elementor-section-height-default elementor-section-height-default\" data-id=\"5be2f57\" data-element_type=\"section\">\n\t\t\t\t\t\t<div class=\"elementor-container elementor-column-gap-default\">\n\t\t\t\t\t<div class=\"elementor-column elementor-col-50 elementor-top-column elementor-element elementor-element-bf3cd7e\" data-id=\"bf3cd7e\" data-element_type=\"column\">\n\t\t\t<div class=\"elementor-widget-wrap elementor-element-populated\">\n\t\t\t\t\t\t\t\t<div class=\"elementor-element elementor-element-d47ed87 elementor-widget elementor-widget-text-editor\" data-id=\"d47ed87\" data-element_type=\"widget\" data-widget_type=\"text-editor.default\">\n\t\t\t\t<div class=\"elementor-widget-container\">\n\t\t\t\t\t\t\t<blockquote><h5><span><span style=\"font-weight: 400;\"><i>\u00ab\u00a0 Un \u00e9clairage tr\u00e8s\u00a0<\/i><\/span><span style=\"font-weight: normal;\"><i>int\u00e9ressants<\/i><\/span><i style=\"font-weight: 400;\">\u00a0les outils mis \u00e0 la disposition des managers \u00e0\u00a0<\/i><span style=\"font-weight: normal;\"><i>d\u00e9ployer aupr\u00e8s des \u00e9quipes. Un espace d&#8217;\u00e9change avec ses pairs sur leurs pratiques et leur ressenti. De nombreuses pistes \u00e0 utiliser au quotidien tant sur le plan professionnel que personnel. Un\u00a0renforcement du lien avec l&#8217;entreprise et une clarification de ce qui est attendu en terme de performance.<\/i><\/span><i style=\"font-weight: 400;\">\u00a0\u00bb<\/i><\/span><\/h5><\/blockquote>\t\t\t\t\t\t<\/div>\n\t\t\t\t<\/div>\n\t\t\t\t\t<\/div>\n\t\t<\/div>\n\t\t\t\t<div class=\"elementor-column elementor-col-50 elementor-top-column elementor-element elementor-element-9f40fa0\" data-id=\"9f40fa0\" data-element_type=\"column\">\n\t\t\t<div class=\"elementor-widget-wrap elementor-element-populated\">\n\t\t\t\t\t\t\t\t<div class=\"elementor-element elementor-element-78ed4af elementor-widget elementor-widget-text-editor\" data-id=\"78ed4af\" data-element_type=\"widget\" data-widget_type=\"text-editor.default\">\n\t\t\t\t<div class=\"elementor-widget-container\">\n\t\t\t\t\t\t\t<blockquote><h5><span style=\"font-weight: 400;\"><i>\u00ab\u00a0 Bel \u00e9change sur ce th\u00e8me si important de nos jours. Manager dans la bienveillance, dans la transparence et avoir des cl\u00e9s pour le faire, on ne peut esp\u00e9rer mieux. Merci beaucoup Katell. J\u2019esp\u00e8re que nous pourrons \u00e9changer \u00e0 nouveau sur ce sujet une fois que j\u2019aurai mis en place les conseils donn\u00e9s aupr\u00e8s de mes \u00e9quipes. Belle journ\u00e9e.<\/i><\/span><i style=\"font-weight: 400;\">\u00a0\u00bb<\/i><\/h5><\/blockquote>\t\t\t\t\t\t<\/div>\n\t\t\t\t<\/div>\n\t\t\t\t\t<\/div>\n\t\t<\/div>\n\t\t\t\t\t\t\t<\/div>\n\t\t<\/section>\n\t\t\t\t\t\t\t<\/div>\n\t\t","protected":false},"excerpt":{"rendered":"<p>\u00ab\u00a0 Un moment de partage intense, des cl\u00e9s qui permettent de mieux se comprendre, se connaitre et ainsi acc\u00e9der au bien-\u00eatre int\u00e9rieur ! Des ateliers incontournables pour avancer sur le &hellip; <\/p>\n","protected":false},"author":1,"featured_media":0,"parent":0,"menu_order":0,"comment_status":"closed","ping_status":"closed","template":"","meta":{"footnotes":""},"class_list":["post-438","page","type-page","status-publish","hentry"],"_links":{"self":[{"href":"https:\/\/passharmonie.com\/index.php\/wp-json\/wp\/v2\/pages\/438","targetHints":{"allow":["GET"]}}],"collection":[{"href":"https:\/\/passharmonie.com\/index.php\/wp-json\/wp\/v2\/pages"}],"about":[{"href":"https:\/\/passharmonie.com\/index.php\/wp-json\/wp\/v2\/types\/page"}],"author":[{"embeddable":true,"href":"https:\/\/passharmonie.com\/index.php\/wp-json\/wp\/v2\/users\/1"}],"replies":[{"embeddable":true,"href":"https:\/\/passharmonie.com\/index.php\/wp-json\/wp\/v2\/comments?post=438"}],"version-history":[{"count":37,"href":"https:\/\/passharmonie.com\/index.php\/wp-json\/wp\/v2\/pages\/438\/revisions"}],"predecessor-version":[{"id":826,"href":"https:\/\/passharmonie.com\/index.php\/wp-json\/wp\/v2\/pages\/438\/revisions\/826"}],"wp:attachment":[{"href":"https:\/\/passharmonie.com\/index.php\/wp-json\/wp\/v2\/media?parent=438"}],"curies":[{"name":"wp","href":"https:\/\/api.w.org\/{rel}","templated":true}]}}