{"id":53,"date":"2021-04-12T18:43:20","date_gmt":"2021-04-12T16:43:20","guid":{"rendered":"http:\/\/passharmonie.com\/?page_id=53"},"modified":"2021-04-26T15:31:28","modified_gmt":"2021-04-26T13:31:28","slug":"psychologie-positive","status":"publish","type":"page","link":"https:\/\/passharmonie.com\/index.php\/psychologie-positive\/","title":{"rendered":"PSYCHOLOGIE POSITIVE"},"content":{"rendered":"\t\t<div data-elementor-type=\"wp-page\" data-elementor-id=\"53\" class=\"elementor elementor-53\">\n\t\t\t\t\t\t\t\t\t<section class=\"elementor-section elementor-top-section elementor-element elementor-element-e9957d1 elementor-section-boxed elementor-section-height-default elementor-section-height-default\" data-id=\"e9957d1\" data-element_type=\"section\">\n\t\t\t\t\t\t<div class=\"elementor-container elementor-column-gap-default\">\n\t\t\t\t\t<div class=\"elementor-column elementor-col-100 elementor-top-column elementor-element elementor-element-35a1741\" data-id=\"35a1741\" data-element_type=\"column\">\n\t\t\t<div class=\"elementor-widget-wrap elementor-element-populated\">\n\t\t\t\t\t\t\t\t<div class=\"elementor-element elementor-element-c5a3bf3 elementor-widget elementor-widget-heading\" data-id=\"c5a3bf3\" data-element_type=\"widget\" data-widget_type=\"heading.default\">\n\t\t\t\t<div class=\"elementor-widget-container\">\n\t\t\t<h2 class=\"elementor-heading-title elementor-size-default\">POUR LES ENTREPRISES, \u00c9COLES ET GROUPES<\/h2>\t\t<\/div>\n\t\t\t\t<\/div>\n\t\t\t\t\t<\/div>\n\t\t<\/div>\n\t\t\t\t\t\t\t<\/div>\n\t\t<\/section>\n\t\t\t\t<section class=\"elementor-section elementor-top-section elementor-element elementor-element-8a292a7 elementor-section-boxed elementor-section-height-default elementor-section-height-default\" data-id=\"8a292a7\" data-element_type=\"section\">\n\t\t\t\t\t\t<div class=\"elementor-container elementor-column-gap-default\">\n\t\t\t\t\t<div class=\"elementor-column elementor-col-100 elementor-top-column elementor-element elementor-element-a4fd7e4\" data-id=\"a4fd7e4\" data-element_type=\"column\">\n\t\t\t<div class=\"elementor-widget-wrap elementor-element-populated\">\n\t\t\t\t\t\t\t\t<div class=\"elementor-element elementor-element-5218c18 elementor-widget elementor-widget-spacer\" data-id=\"5218c18\" data-element_type=\"widget\" data-widget_type=\"spacer.default\">\n\t\t\t\t<div class=\"elementor-widget-container\">\n\t\t\t\t\t<div class=\"elementor-spacer\">\n\t\t\t<div class=\"elementor-spacer-inner\"><\/div>\n\t\t<\/div>\n\t\t\t\t<\/div>\n\t\t\t\t<\/div>\n\t\t\t\t\t<\/div>\n\t\t<\/div>\n\t\t\t\t\t\t\t<\/div>\n\t\t<\/section>\n\t\t\t\t<section class=\"elementor-section elementor-top-section elementor-element elementor-element-1aa282a elementor-section-boxed elementor-section-height-default elementor-section-height-default\" data-id=\"1aa282a\" data-element_type=\"section\">\n\t\t\t\t\t\t<div class=\"elementor-container elementor-column-gap-default\">\n\t\t\t\t\t<div class=\"elementor-column elementor-col-100 elementor-top-column elementor-element elementor-element-b008189\" data-id=\"b008189\" data-element_type=\"column\">\n\t\t\t<div class=\"elementor-widget-wrap elementor-element-populated\">\n\t\t\t\t\t\t\t\t<div class=\"elementor-element elementor-element-097c0c6 elementor-widget elementor-widget-text-editor\" data-id=\"097c0c6\" data-element_type=\"widget\" data-widget_type=\"text-editor.default\">\n\t\t\t\t<div class=\"elementor-widget-container\">\n\t\t\t\t\t\t\t<blockquote><h5><i><span style=\"font-weight: 400;\">\u00ab\u00a0 Le bonheur est un voyage et non une destination. \u00bb<\/span><\/i><\/h5><\/blockquote>\t\t\t\t\t\t<\/div>\n\t\t\t\t<\/div>\n\t\t\t\t\t<\/div>\n\t\t<\/div>\n\t\t\t\t\t\t\t<\/div>\n\t\t<\/section>\n\t\t\t\t<section class=\"elementor-section elementor-top-section elementor-element elementor-element-cabda33 elementor-section-boxed elementor-section-height-default elementor-section-height-default\" data-id=\"cabda33\" data-element_type=\"section\">\n\t\t\t\t\t\t<div class=\"elementor-container elementor-column-gap-default\">\n\t\t\t\t\t<div class=\"elementor-column elementor-col-100 elementor-top-column elementor-element elementor-element-87efd0f\" data-id=\"87efd0f\" data-element_type=\"column\">\n\t\t\t<div class=\"elementor-widget-wrap elementor-element-populated\">\n\t\t\t\t\t\t\t\t<div class=\"elementor-element elementor-element-d046335 elementor-widget elementor-widget-spacer\" data-id=\"d046335\" data-element_type=\"widget\" data-widget_type=\"spacer.default\">\n\t\t\t\t<div class=\"elementor-widget-container\">\n\t\t\t\t\t<div class=\"elementor-spacer\">\n\t\t\t<div class=\"elementor-spacer-inner\"><\/div>\n\t\t<\/div>\n\t\t\t\t<\/div>\n\t\t\t\t<\/div>\n\t\t\t\t\t<\/div>\n\t\t<\/div>\n\t\t\t\t\t\t\t<\/div>\n\t\t<\/section>\n\t\t\t\t<section class=\"elementor-section elementor-top-section elementor-element elementor-element-aee860a elementor-section-boxed elementor-section-height-default elementor-section-height-default\" data-id=\"aee860a\" data-element_type=\"section\">\n\t\t\t\t\t\t<div class=\"elementor-container elementor-column-gap-default\">\n\t\t\t\t\t<div class=\"elementor-column elementor-col-100 elementor-top-column elementor-element elementor-element-2399f1f\" data-id=\"2399f1f\" data-element_type=\"column\">\n\t\t\t<div class=\"elementor-widget-wrap elementor-element-populated\">\n\t\t\t\t\t\t\t\t<div class=\"elementor-element elementor-element-77315c4 elementor-widget elementor-widget-text-editor\" data-id=\"77315c4\" data-element_type=\"widget\" data-widget_type=\"text-editor.default\">\n\t\t\t\t<div class=\"elementor-widget-container\">\n\t\t\t\t\t\t\t<p><span style=\"font-weight: 400;\">Nous avons tous la capacit\u00e9 d&#8217;\u00eatre heureux mais comment entretenir ce bonheur au quotidien ? Comment \u00eatre acteur de notre propre bien-\u00eatre?<\/span><\/p><p><span style=\"font-weight: 400;\">La psychologie positive, c\u2019est renforcer ce qui nous pla\u00eet, le reconna\u00eetre et l\u2019utiliser tous les jours. Reprendre le contr\u00f4le de notre vie et mieux vivre au quotidien. Cultiver notre bonheur tel un jardin. Savoir ce dont nous avons besoin pour nous \u00e9panouir, par tous les temps, au travers des saisons et des intemp\u00e9ries.<\/span><\/p><p><span style=\"font-weight: 400;\">Ayant \u00e9t\u00e9 form\u00e9e par Florence Servan Schreiber, auteur et conf\u00e9renci\u00e8re, fondatrice de <em><strong>3 kifs Acad\u00e9mie<\/strong><\/em> , je vous propose plusieurs ateliers en lien avec cette m\u00e9thode, afin de comprendre comment activer un nouveau fonctionnement et ainsi trouver les propres cl\u00e9s de ce nouveau jardin.<\/span><\/p>\t\t\t\t\t\t<\/div>\n\t\t\t\t<\/div>\n\t\t\t\t\t<\/div>\n\t\t<\/div>\n\t\t\t\t\t\t\t<\/div>\n\t\t<\/section>\n\t\t\t\t<section class=\"elementor-section elementor-top-section elementor-element elementor-element-9c01741 elementor-section-boxed elementor-section-height-default elementor-section-height-default\" data-id=\"9c01741\" data-element_type=\"section\">\n\t\t\t\t\t\t<div class=\"elementor-container elementor-column-gap-default\">\n\t\t\t\t\t<div class=\"elementor-column elementor-col-100 elementor-top-column elementor-element elementor-element-138adb4\" data-id=\"138adb4\" data-element_type=\"column\">\n\t\t\t<div class=\"elementor-widget-wrap elementor-element-populated\">\n\t\t\t\t\t\t\t\t<div class=\"elementor-element elementor-element-825e020 elementor-widget elementor-widget-spacer\" data-id=\"825e020\" data-element_type=\"widget\" data-widget_type=\"spacer.default\">\n\t\t\t\t<div class=\"elementor-widget-container\">\n\t\t\t\t\t<div class=\"elementor-spacer\">\n\t\t\t<div class=\"elementor-spacer-inner\"><\/div>\n\t\t<\/div>\n\t\t\t\t<\/div>\n\t\t\t\t<\/div>\n\t\t\t\t\t<\/div>\n\t\t<\/div>\n\t\t\t\t\t\t\t<\/div>\n\t\t<\/section>\n\t\t\t\t<section class=\"elementor-section elementor-top-section elementor-element elementor-element-c98636e elementor-section-boxed elementor-section-height-default elementor-section-height-default\" data-id=\"c98636e\" data-element_type=\"section\">\n\t\t\t\t\t\t<div class=\"elementor-container elementor-column-gap-default\">\n\t\t\t\t\t<div class=\"elementor-column elementor-col-100 elementor-top-column elementor-element elementor-element-68cd309\" data-id=\"68cd309\" data-element_type=\"column\">\n\t\t\t<div class=\"elementor-widget-wrap elementor-element-populated\">\n\t\t\t\t\t\t\t\t<div class=\"elementor-element elementor-element-6b1ec6d elementor-widget elementor-widget-text-editor\" data-id=\"6b1ec6d\" data-element_type=\"widget\" data-widget_type=\"text-editor.default\">\n\t\t\t\t<div class=\"elementor-widget-container\">\n\t\t\t\t\t\t\t<p><b><b><b>ATELIER G\u00c9N\u00c9RAL &#8211; pour un groupe de 10 personnes (2 H 00) : <\/b><\/b><\/b>d\u00e9codez\u00a011 astuces pour am\u00e9liorer votre bien-\u00eatre par la psychologie positive. S\u2019appuyer sur diff\u00e9rentes exp\u00e9riences, \u00eatre acteur de son bien-\u00eatre, cela s\u2019apprend&#8230; Au travers d\u2019\u00e9changes et de coaching, devenez acteur de votre propre bonheur et soyez optimiste !<\/p><p>&#8211; Tout savoir sur la psychologie positive et pourquoi la pratiquer au quotidien.<br \/>&#8211; Reconna\u00eetre ce qui nous rend heureux.<br \/>&#8211; Les &#8220;kifs&#8221; et la gratitude.<\/p>\t\t\t\t\t\t<\/div>\n\t\t\t\t<\/div>\n\t\t\t\t\t<\/div>\n\t\t<\/div>\n\t\t\t\t\t\t\t<\/div>\n\t\t<\/section>\n\t\t\t\t<section class=\"elementor-section elementor-top-section elementor-element elementor-element-b0bb09e elementor-section-boxed elementor-section-height-default elementor-section-height-default\" data-id=\"b0bb09e\" data-element_type=\"section\">\n\t\t\t\t\t\t<div class=\"elementor-container elementor-column-gap-default\">\n\t\t\t\t\t<div class=\"elementor-column elementor-col-100 elementor-top-column elementor-element elementor-element-1b47d65\" data-id=\"1b47d65\" data-element_type=\"column\">\n\t\t\t<div class=\"elementor-widget-wrap elementor-element-populated\">\n\t\t\t\t\t\t\t\t<div class=\"elementor-element elementor-element-3091824 elementor-widget elementor-widget-spacer\" data-id=\"3091824\" data-element_type=\"widget\" data-widget_type=\"spacer.default\">\n\t\t\t\t<div class=\"elementor-widget-container\">\n\t\t\t\t\t<div class=\"elementor-spacer\">\n\t\t\t<div class=\"elementor-spacer-inner\"><\/div>\n\t\t<\/div>\n\t\t\t\t<\/div>\n\t\t\t\t<\/div>\n\t\t\t\t\t<\/div>\n\t\t<\/div>\n\t\t\t\t\t\t\t<\/div>\n\t\t<\/section>\n\t\t\t\t<section class=\"elementor-section elementor-top-section elementor-element elementor-element-6cda1ef elementor-section-boxed elementor-section-height-default elementor-section-height-default\" data-id=\"6cda1ef\" data-element_type=\"section\">\n\t\t\t\t\t\t<div class=\"elementor-container elementor-column-gap-default\">\n\t\t\t\t\t<div class=\"elementor-column elementor-col-100 elementor-top-column elementor-element elementor-element-8cf5559\" data-id=\"8cf5559\" data-element_type=\"column\">\n\t\t\t<div class=\"elementor-widget-wrap elementor-element-populated\">\n\t\t\t\t\t\t\t\t<div class=\"elementor-element elementor-element-33ac389 elementor-widget elementor-widget-text-editor\" data-id=\"33ac389\" data-element_type=\"widget\" data-widget_type=\"text-editor.default\">\n\t\t\t\t<div class=\"elementor-widget-container\">\n\t\t\t\t\t\t\t<p dir=\"ltr\"><strong>ATELIERS SUPPL\u00c9MENTAIRES<\/strong>\u00a0&#8211; <strong>sp\u00e9cial entreprise :\u00a0<\/strong>impulser un management positif et accompagner ses salari\u00e9s dans leur bien-\u00eatre.<b>\u00a0<\/b>La psychologie positive au travail am\u00e9liore le bien \u00eatre, l\u2019engagement et la performance de tous et ce, par le d\u00e9veloppement des forces, le fonctionnement et le renforcement des liens en \u00e9quipe&#8230;<\/p><p><span style=\"font-weight: 400;\">&#8211; La science du bonheur (4h).<br \/><\/span><span style=\"font-weight: 400;\">&#8211; Reconna\u00eetre ses forces (4h).<br \/><\/span><span style=\"font-weight: 400;\">&#8211; Les 3 &#8220;kifs&#8221; et le pouvoir d\u2019un merci (2h).<\/span><\/p>\t\t\t\t\t\t<\/div>\n\t\t\t\t<\/div>\n\t\t\t\t\t<\/div>\n\t\t<\/div>\n\t\t\t\t\t\t\t<\/div>\n\t\t<\/section>\n\t\t\t\t<section class=\"elementor-section elementor-top-section elementor-element elementor-element-65ae77f elementor-section-boxed elementor-section-height-default elementor-section-height-default\" data-id=\"65ae77f\" data-element_type=\"section\">\n\t\t\t\t\t\t<div class=\"elementor-container elementor-column-gap-default\">\n\t\t\t\t\t<div class=\"elementor-column elementor-col-100 elementor-top-column elementor-element elementor-element-58eee7f\" data-id=\"58eee7f\" data-element_type=\"column\">\n\t\t\t<div class=\"elementor-widget-wrap elementor-element-populated\">\n\t\t\t\t\t\t\t\t<div class=\"elementor-element elementor-element-6f3aced elementor-widget elementor-widget-spacer\" data-id=\"6f3aced\" data-element_type=\"widget\" data-widget_type=\"spacer.default\">\n\t\t\t\t<div class=\"elementor-widget-container\">\n\t\t\t\t\t<div class=\"elementor-spacer\">\n\t\t\t<div class=\"elementor-spacer-inner\"><\/div>\n\t\t<\/div>\n\t\t\t\t<\/div>\n\t\t\t\t<\/div>\n\t\t\t\t\t<\/div>\n\t\t<\/div>\n\t\t\t\t\t\t\t<\/div>\n\t\t<\/section>\n\t\t\t\t<section class=\"elementor-section elementor-top-section elementor-element elementor-element-668ff65 elementor-section-boxed elementor-section-height-default elementor-section-height-default\" data-id=\"668ff65\" data-element_type=\"section\">\n\t\t\t\t\t\t<div class=\"elementor-container elementor-column-gap-default\">\n\t\t\t\t\t<div class=\"elementor-column elementor-col-100 elementor-top-column elementor-element elementor-element-695af47\" data-id=\"695af47\" data-element_type=\"column\">\n\t\t\t<div class=\"elementor-widget-wrap elementor-element-populated\">\n\t\t\t\t\t\t\t\t<div class=\"elementor-element elementor-element-83ebd5d elementor-widget elementor-widget-text-editor\" data-id=\"83ebd5d\" data-element_type=\"widget\" data-widget_type=\"text-editor.default\">\n\t\t\t\t<div class=\"elementor-widget-container\">\n\t\t\t\t\t\t\t<p><b>ATELIERS LUDIQUES &#8211; de la maternelle au coll\u00e8ge : <\/b>d\u00e9couvrez\u00a0des ateliers pluridisciplinaires pour les \u00e9coliers dans lesquels j\u2019utilise des outils comme la sophrologie ainsi que la gestion des \u00e9motions gr\u00e2ce \u00e0 l\u2019utilisation de la psychologie positive et de la CNV (Communication Non Violente). Cette m\u00e9thode permet aux enfants de mieux communiquer entre eux, avec leurs professeurs, mais aussi avec leurs parents.<\/p>\t\t\t\t\t\t<\/div>\n\t\t\t\t<\/div>\n\t\t\t\t\t<\/div>\n\t\t<\/div>\n\t\t\t\t\t\t\t<\/div>\n\t\t<\/section>\n\t\t\t\t<section class=\"elementor-section elementor-top-section elementor-element elementor-element-6119366 elementor-section-boxed elementor-section-height-default elementor-section-height-default\" data-id=\"6119366\" data-element_type=\"section\">\n\t\t\t\t\t\t<div class=\"elementor-container elementor-column-gap-default\">\n\t\t\t\t\t<div class=\"elementor-column elementor-col-100 elementor-top-column elementor-element elementor-element-6e8343d\" data-id=\"6e8343d\" data-element_type=\"column\">\n\t\t\t<div class=\"elementor-widget-wrap elementor-element-populated\">\n\t\t\t\t\t\t\t\t<div class=\"elementor-element elementor-element-63696f5 elementor-widget elementor-widget-spacer\" data-id=\"63696f5\" data-element_type=\"widget\" data-widget_type=\"spacer.default\">\n\t\t\t\t<div class=\"elementor-widget-container\">\n\t\t\t\t\t<div class=\"elementor-spacer\">\n\t\t\t<div class=\"elementor-spacer-inner\"><\/div>\n\t\t<\/div>\n\t\t\t\t<\/div>\n\t\t\t\t<\/div>\n\t\t\t\t\t<\/div>\n\t\t<\/div>\n\t\t\t\t\t\t\t<\/div>\n\t\t<\/section>\n\t\t\t\t<section class=\"elementor-section elementor-top-section elementor-element elementor-element-913c8f6 elementor-section-boxed elementor-section-height-default elementor-section-height-default\" data-id=\"913c8f6\" data-element_type=\"section\">\n\t\t\t\t\t\t<div class=\"elementor-container elementor-column-gap-default\">\n\t\t\t\t\t<div class=\"elementor-column elementor-col-100 elementor-top-column elementor-element elementor-element-a486b1b\" data-id=\"a486b1b\" data-element_type=\"column\">\n\t\t\t<div class=\"elementor-widget-wrap elementor-element-populated\">\n\t\t\t\t\t\t\t\t<div class=\"elementor-element elementor-element-c6b3f2a elementor-widget elementor-widget-image\" data-id=\"c6b3f2a\" data-element_type=\"widget\" data-widget_type=\"image.default\">\n\t\t\t\t<div class=\"elementor-widget-container\">\n\t\t\t\t\t\t\t\t\t\t\t\t\t\t\t<img decoding=\"async\" loading=\"lazy\" width=\"1600\" height=\"1200\" src=\"https:\/\/passharmonie.com\/wp-content\/uploads\/2021\/04\/a25dbcc2-e20a-4b2a-9f88-76222f5fbf56.jpg\" class=\"attachment-full size-full wp-image-699\" alt=\"\" srcset=\"https:\/\/passharmonie.com\/wp-content\/uploads\/2021\/04\/a25dbcc2-e20a-4b2a-9f88-76222f5fbf56.jpg 1600w, https:\/\/passharmonie.com\/wp-content\/uploads\/2021\/04\/a25dbcc2-e20a-4b2a-9f88-76222f5fbf56-300x225.jpg 300w, https:\/\/passharmonie.com\/wp-content\/uploads\/2021\/04\/a25dbcc2-e20a-4b2a-9f88-76222f5fbf56-1024x768.jpg 1024w, https:\/\/passharmonie.com\/wp-content\/uploads\/2021\/04\/a25dbcc2-e20a-4b2a-9f88-76222f5fbf56-768x576.jpg 768w, https:\/\/passharmonie.com\/wp-content\/uploads\/2021\/04\/a25dbcc2-e20a-4b2a-9f88-76222f5fbf56-1536x1152.jpg 1536w, https:\/\/passharmonie.com\/wp-content\/uploads\/2021\/04\/a25dbcc2-e20a-4b2a-9f88-76222f5fbf56-80x60.jpg 80w, https:\/\/passharmonie.com\/wp-content\/uploads\/2021\/04\/a25dbcc2-e20a-4b2a-9f88-76222f5fbf56-640x480.jpg 640w, https:\/\/passharmonie.com\/wp-content\/uploads\/2021\/04\/a25dbcc2-e20a-4b2a-9f88-76222f5fbf56-110x83.jpg 110w\" sizes=\"(max-width: 1600px) 100vw, 1600px\" \/>\t\t\t\t\t\t\t\t\t\t\t\t\t\t\t<\/div>\n\t\t\t\t<\/div>\n\t\t\t\t\t<\/div>\n\t\t<\/div>\n\t\t\t\t\t\t\t<\/div>\n\t\t<\/section>\n\t\t\t\t<section class=\"elementor-section elementor-top-section elementor-element elementor-element-73232eb elementor-section-boxed elementor-section-height-default elementor-section-height-default\" data-id=\"73232eb\" data-element_type=\"section\">\n\t\t\t\t\t\t<div class=\"elementor-container elementor-column-gap-default\">\n\t\t\t\t\t<div class=\"elementor-column elementor-col-100 elementor-top-column elementor-element elementor-element-7363090\" data-id=\"7363090\" data-element_type=\"column\">\n\t\t\t<div class=\"elementor-widget-wrap elementor-element-populated\">\n\t\t\t\t\t\t\t\t<div class=\"elementor-element elementor-element-85a9db9 elementor-widget elementor-widget-spacer\" data-id=\"85a9db9\" data-element_type=\"widget\" data-widget_type=\"spacer.default\">\n\t\t\t\t<div class=\"elementor-widget-container\">\n\t\t\t\t\t<div class=\"elementor-spacer\">\n\t\t\t<div class=\"elementor-spacer-inner\"><\/div>\n\t\t<\/div>\n\t\t\t\t<\/div>\n\t\t\t\t<\/div>\n\t\t\t\t\t<\/div>\n\t\t<\/div>\n\t\t\t\t\t\t\t<\/div>\n\t\t<\/section>\n\t\t\t\t<section class=\"elementor-section elementor-top-section elementor-element elementor-element-de59b93 elementor-section-boxed elementor-section-height-default elementor-section-height-default\" data-id=\"de59b93\" data-element_type=\"section\">\n\t\t\t\t\t\t<div class=\"elementor-container elementor-column-gap-default\">\n\t\t\t\t\t<div class=\"elementor-column elementor-col-100 elementor-top-column elementor-element elementor-element-3b190cd\" data-id=\"3b190cd\" data-element_type=\"column\">\n\t\t\t<div class=\"elementor-widget-wrap elementor-element-populated\">\n\t\t\t\t\t\t\t\t<div class=\"elementor-element elementor-element-70fa236 elementor-widget elementor-widget-text-editor\" data-id=\"70fa236\" data-element_type=\"widget\" data-widget_type=\"text-editor.default\">\n\t\t\t\t<div class=\"elementor-widget-container\">\n\t\t\t\t\t\t\t<p><b>Maternelle et primaire<\/b><span style=\"font-weight: 400;\"> : lectures ludiques sur les \u00e9motions et le bonheur au quotidien, atelier de cr\u00e9ation autour de la psychologie positive, petits jeux de respiration pour amener le calme.<\/span><\/p>\t\t\t\t\t\t<\/div>\n\t\t\t\t<\/div>\n\t\t\t\t\t<\/div>\n\t\t<\/div>\n\t\t\t\t\t\t\t<\/div>\n\t\t<\/section>\n\t\t\t\t<section class=\"elementor-section elementor-top-section elementor-element elementor-element-13f742e elementor-section-boxed elementor-section-height-default elementor-section-height-default\" data-id=\"13f742e\" data-element_type=\"section\">\n\t\t\t\t\t\t<div class=\"elementor-container elementor-column-gap-default\">\n\t\t\t\t\t<div class=\"elementor-column elementor-col-100 elementor-top-column elementor-element elementor-element-fa24ea4\" data-id=\"fa24ea4\" data-element_type=\"column\">\n\t\t\t<div class=\"elementor-widget-wrap elementor-element-populated\">\n\t\t\t\t\t\t\t\t<div class=\"elementor-element elementor-element-58ca4fa elementor-widget elementor-widget-spacer\" data-id=\"58ca4fa\" data-element_type=\"widget\" data-widget_type=\"spacer.default\">\n\t\t\t\t<div class=\"elementor-widget-container\">\n\t\t\t\t\t<div class=\"elementor-spacer\">\n\t\t\t<div class=\"elementor-spacer-inner\"><\/div>\n\t\t<\/div>\n\t\t\t\t<\/div>\n\t\t\t\t<\/div>\n\t\t\t\t\t<\/div>\n\t\t<\/div>\n\t\t\t\t\t\t\t<\/div>\n\t\t<\/section>\n\t\t\t\t<section class=\"elementor-section elementor-top-section elementor-element elementor-element-f740c14 elementor-section-boxed elementor-section-height-default elementor-section-height-default\" data-id=\"f740c14\" data-element_type=\"section\">\n\t\t\t\t\t\t<div class=\"elementor-container elementor-column-gap-default\">\n\t\t\t\t\t<div class=\"elementor-column elementor-col-50 elementor-top-column elementor-element elementor-element-3bbd009\" data-id=\"3bbd009\" data-element_type=\"column\">\n\t\t\t<div class=\"elementor-widget-wrap elementor-element-populated\">\n\t\t\t\t\t\t\t\t<div class=\"elementor-element elementor-element-5e443a1 elementor-widget elementor-widget-text-editor\" data-id=\"5e443a1\" data-element_type=\"widget\" data-widget_type=\"text-editor.default\">\n\t\t\t\t<div class=\"elementor-widget-container\">\n\t\t\t\t\t\t\t<p><b>Coll\u00e8ge <\/b><b>:<\/b><span style=\"font-weight: 400;\">\u00a0ateliers ludiques bas\u00e9s sur une meilleure connaissance de soi, pour amener les adolescents \u00e0 activer eux-m\u00eames leur bien-\u00eatre au quotidien. Combinaison de th\u00e9orie et de pratique, nous concluons ensuite par de la d\u00e9tente gr\u00e2ce \u00e0 des exercices de sophrologie.<\/span><\/p>\t\t\t\t\t\t<\/div>\n\t\t\t\t<\/div>\n\t\t\t\t\t<\/div>\n\t\t<\/div>\n\t\t\t\t<div class=\"elementor-column elementor-col-50 elementor-top-column elementor-element elementor-element-d312c53\" data-id=\"d312c53\" data-element_type=\"column\">\n\t\t\t<div class=\"elementor-widget-wrap elementor-element-populated\">\n\t\t\t\t\t\t\t\t<div class=\"elementor-element elementor-element-810bb9e elementor-widget elementor-widget-image\" data-id=\"810bb9e\" data-element_type=\"widget\" data-widget_type=\"image.default\">\n\t\t\t\t<div class=\"elementor-widget-container\">\n\t\t\t\t\t\t\t\t\t\t\t\t\t\t\t<img decoding=\"async\" loading=\"lazy\" width=\"1200\" height=\"1600\" src=\"https:\/\/passharmonie.com\/wp-content\/uploads\/2021\/04\/bb78fc54-62d9-47e1-a7b3-7019af0030cb.jpg\" class=\"attachment-full size-full wp-image-674\" alt=\"\" srcset=\"https:\/\/passharmonie.com\/wp-content\/uploads\/2021\/04\/bb78fc54-62d9-47e1-a7b3-7019af0030cb.jpg 1200w, https:\/\/passharmonie.com\/wp-content\/uploads\/2021\/04\/bb78fc54-62d9-47e1-a7b3-7019af0030cb-225x300.jpg 225w, https:\/\/passharmonie.com\/wp-content\/uploads\/2021\/04\/bb78fc54-62d9-47e1-a7b3-7019af0030cb-768x1024.jpg 768w, https:\/\/passharmonie.com\/wp-content\/uploads\/2021\/04\/bb78fc54-62d9-47e1-a7b3-7019af0030cb-1152x1536.jpg 1152w, https:\/\/passharmonie.com\/wp-content\/uploads\/2021\/04\/bb78fc54-62d9-47e1-a7b3-7019af0030cb-45x60.jpg 45w\" sizes=\"(max-width: 1200px) 100vw, 1200px\" \/>\t\t\t\t\t\t\t\t\t\t\t\t\t\t\t<\/div>\n\t\t\t\t<\/div>\n\t\t\t\t\t<\/div>\n\t\t<\/div>\n\t\t\t\t\t\t\t<\/div>\n\t\t<\/section>\n\t\t\t\t\t\t\t<\/div>\n\t\t","protected":false},"excerpt":{"rendered":"<p>POUR LES ENTREPRISES, \u00c9COLES ET GROUPES \u00ab\u00a0 Le bonheur est un voyage et non une destination. \u00bb Nous avons tous la capacit\u00e9 d&#8217;\u00eatre heureux mais comment entretenir ce bonheur au &hellip; <\/p>\n","protected":false},"author":1,"featured_media":0,"parent":0,"menu_order":0,"comment_status":"closed","ping_status":"closed","template":"","meta":{"footnotes":""},"_links":{"self":[{"href":"https:\/\/passharmonie.com\/index.php\/wp-json\/wp\/v2\/pages\/53"}],"collection":[{"href":"https:\/\/passharmonie.com\/index.php\/wp-json\/wp\/v2\/pages"}],"about":[{"href":"https:\/\/passharmonie.com\/index.php\/wp-json\/wp\/v2\/types\/page"}],"author":[{"embeddable":true,"href":"https:\/\/passharmonie.com\/index.php\/wp-json\/wp\/v2\/users\/1"}],"replies":[{"embeddable":true,"href":"https:\/\/passharmonie.com\/index.php\/wp-json\/wp\/v2\/comments?post=53"}],"version-history":[{"count":199,"href":"https:\/\/passharmonie.com\/index.php\/wp-json\/wp\/v2\/pages\/53\/revisions"}],"predecessor-version":[{"id":777,"href":"https:\/\/passharmonie.com\/index.php\/wp-json\/wp\/v2\/pages\/53\/revisions\/777"}],"wp:attachment":[{"href":"https:\/\/passharmonie.com\/index.php\/wp-json\/wp\/v2\/media?parent=53"}],"curies":[{"name":"wp","href":"https:\/\/api.w.org\/{rel}","templated":true}]}}